{"id":1049,"date":"2015-07-13T08:29:35","date_gmt":"2015-07-13T08:29:35","guid":{"rendered":"https:\/\/mebsa.es\/newsite\/?page_id=1049"},"modified":"2025-09-29T09:24:26","modified_gmt":"2025-09-29T09:24:26","slug":"politica-de-galetes","status":"publish","type":"page","link":"https:\/\/mebsa.es\/ca\/politica-de-galetes\/","title":{"rendered":"Pol\u00edtica de galetes"},"content":{"rendered":"<p><strong>Tipus de galetes utilitzades<\/strong><\/p>\n<p>En aquest web s\u2019utilitzen tant galetes temporals de sessi\u00f3 com galetes permanents. Les galetes de sessi\u00f3 nom\u00e9s emmagatzemen dades mentre l\u2019usuari accedeix al web; en canvi, les galetes permanents emmagatzemen les dades al terminal perqu\u00e8 sigui possible accedir-hi i utilitzar-les en m\u00e9s d\u2019una sessi\u00f3.<\/p>\n<p>&nbsp;<\/p>\n<p>Segons la finalitat per a la qual es tractin les dades obtingudes a trav\u00e9s de les galetes, el web pot fer servir:<\/p>\n<p>&nbsp;<\/p>\n<p><strong>Galetes t\u00e8cniques<\/strong><\/p>\n<p>S\u00f3n les que permeten que l\u2019usuari navegui a trav\u00e9s de la p\u00e0gina web o aplicaci\u00f3 i faci servir les diferents opcions o serveis que s\u2019hi ofereixen, com ara controlar el tr\u00e0nsit i la comunicaci\u00f3 de dades, identificar la sessi\u00f3, accedir a les parts d\u2019acc\u00e9s restringit del web, recordar els elements que integren una comanda, fer la sol\u00b7licitud d\u2019inscripci\u00f3 o participaci\u00f3 en un esdeveniment, utilitzar elements de seguretat durant la navegaci\u00f3 i emmagatzemar continguts per a la difusi\u00f3 de v\u00eddeos o so.<\/p>\n<p>&nbsp;<\/p>\n<p><strong>Galetes de personalitzaci\u00f3<\/strong><\/p>\n<p>S\u00f3n les que possibiliten que l\u2019usuari accedeixi al servei amb algunes caracter\u00edstiques generals predefinides al seu terminal o definides pel mateix usuari; per exemple, l\u2019idioma, el tipus de navegador a trav\u00e9s del qual accedeix al servei, el disseny de continguts seleccionat, la geolocalitzaci\u00f3 del terminal i la configuraci\u00f3 regional des de la qual s\u2019accedeix al servei.<\/p>\n<p>&nbsp;<\/p>\n<p><strong>Galetes publicit\u00e0ries<\/strong><\/p>\n<p>S\u00f3n les que permeten gestionar efica\u00e7ment els espais publicitaris que s\u2019han incl\u00f2s a la p\u00e0gina web o aplicaci\u00f3 des de la qual es presta el servei. Permeten adequar el contingut de la publicitat perqu\u00e8 sigui rellevant per a l\u2019usuari i per evitar mostrar-li anuncis que ja ha vist.<\/p>\n<p>&nbsp;<\/p>\n<p><strong>Galetes d\u2019an\u00e0lisi estad\u00edstica<\/strong><\/p>\n<p>S\u00f3n les que permeten fer el seguiment i l\u2019an\u00e0lisi del comportament dels usuaris als llocs web. La informaci\u00f3 recollida per mitj\u00e0 d\u2019aquesta mena de galetes es fa servir en el mesurament de l\u2019activitat dels llocs web, aplicacions o plataformes i per elaborar perfils de navegaci\u00f3 dels usuaris d\u2019aquests llocs, amb la finalitat d\u2019introduir millores en el servei en funci\u00f3 de les dades relatives a l\u2019\u00fas que en fan els usuaris.<\/p>\n<p>&nbsp;<\/p>\n<p><strong>Galetes de tercers<\/strong><\/p>\n<p>En algunes p\u00e0gines web es poden instal\u00b7lar galetes de tercers que permeten gestionar i millorar els serveis oferts, com ara els serveis estad\u00edstics de Google Analytics.<\/p>\n<p>&nbsp;<\/p>\n<p><strong>Com s\u2019administren les galetes al navegador?<\/strong><\/p>\n<p>L\u2019usuari t\u00e9 l\u2019opci\u00f3 de permetre, bloquejar o eliminar les galetes instal\u00b7lades al seu equip mitjan\u00e7ant la configuraci\u00f3 de les opcions del navegador que utilitza al seu terminal:<\/p>\n<p>&nbsp;<\/p>\n<p>Per ajustar els permisos relacionats amb les galetes al navegador Google Chrome:<\/p>\n<ol>\n<li>Cliqueu al men\u00fa situat a la barra d\u2019eines.<\/li>\n<li>Seleccioneu Configuraci\u00f3.<\/li>\n<li>Cliqueu a Mostra la configuraci\u00f3 avan\u00e7ada.<\/li>\n<li>Dins la secci\u00f3 Privadesa, feu clic al bot\u00f3 Configuraci\u00f3 del contingut.<\/li>\n<li>Dins la secci\u00f3 Galetes es poden configurar les opcions.<\/li>\n<\/ol>\n<p><span style=\"text-decoration: underline;\"><a href=\"https:\/\/www.google.es\/chrome\/browser\/desktop\/index.html\" target=\"_blank\" rel=\"noopener\">M\u00e9s informaci\u00f3 sobre Google Chrome.<\/a><\/span><\/p>\n<p>&nbsp;<\/p>\n<p>Per ajustar els permisos relacionats amb les galetes al navegador Mozilla Firefox:<\/p>\n<ol>\n<li>A la banda superior de la finestra de Firefox, feu clic al men\u00fa Eines.<\/li>\n<li>Seleccioneu Opcions.<\/li>\n<li>Seleccioneu la subfinestra Privadesa.<\/li>\n<li>Dins l\u2019opci\u00f3 Firefox, podeu escollir Utilitza els par\u00e0metres personalitzats de l\u2019historial per configurar les opcions.<\/li>\n<\/ol>\n<p><span style=\"text-decoration: underline;\"><a href=\"https:\/\/www.mozilla.org\/es-ES\/firefox\/new\/\" target=\"_blank\" rel=\"noopener\">M\u00e9s informaci\u00f3 sobre Mozilla Firefox.<\/a><\/span><\/p>\n<p>&nbsp;<\/p>\n<p>Per ajustar els permisos relacionats amb les galetes al navegador Internet Explorer:<\/p>\n<ol>\n<li>A la banda superior de la finestra d\u2019Internet Explorer, cliqueu al men\u00fa Eines.<\/li>\n<li>Seleccioneu la pestanya Seguretat i feu servir l\u2019opci\u00f3 Elimina l\u2019historial d\u2019exploraci\u00f3 per eliminar les galetes. Activeu la casella Galetes i, tot seguit, feu clic a Elimina.<\/li>\n<li>Seleccioneu la pestanya Seguretat i accediu a Configuraci\u00f3. Moveu el control lliscant fins a dalt de tot per bloquejar totes les galetes o fins a baix de tot per permetre-les totes. A continuaci\u00f3, feu clic a Accepta.<\/li>\n<\/ol>\n<p><span style=\"text-decoration: underline;\"><a href=\"http:\/\/windows.microsoft.com\/es-es\/internet-explorer\/download-ie\" target=\"_blank\" rel=\"noopener\">M\u00e9s informaci\u00f3 sobre Internet Explorer.<\/a><\/span><\/p>\n<p>&nbsp;<\/p>\n<p>Si bloquegeu l\u2019\u00fas de galetes al vostre navegador, \u00e9s possible que alguns serveis o funcionalitats de la p\u00e0gina web no estiguin disponibles.<\/p>\n<p>&nbsp;<\/p>\n<p>En alguns navegadors es poden configurar regles espec\u00edfiques per administrar galetes per lloc web, cosa que ofereix un control m\u00e9s prec\u00eds de la privacitat. Aix\u00f2 vol dir que podeu inhabilitar galetes de tots els llocs excepte aquells en els quals confieu.<\/p>\n","protected":false},"excerpt":{"rendered":"<p>Tipus de galetes utilitzades En aquest web s\u2019utilitzen tant galetes temporals de sessi\u00f3 com galetes permanents. Les galetes de sessi\u00f3 nom\u00e9s emmagatzemen dades mentre l\u2019usuari accedeix al web; en canvi, les galetes permanents emmagatzemen les dades al terminal perqu\u00e8 sigui possible accedir-hi i utilitzar-les en m\u00e9s d\u2019una sessi\u00f3. &nbsp; Segons la finalitat per a la [&hellip;]<\/p>\n","protected":false},"author":4,"featured_media":0,"parent":0,"menu_order":50,"comment_status":"closed","ping_status":"closed","template":"app-templates\/page-legal.php","meta":{"_acf_changed":false,"footnotes":""},"class_list":["post-1049","page","type-page","status-publish","hentry"],"acf":[],"_links":{"self":[{"href":"https:\/\/mebsa.es\/ca\/wp-json\/wp\/v2\/pages\/1049","targetHints":{"allow":["GET"]}}],"collection":[{"href":"https:\/\/mebsa.es\/ca\/wp-json\/wp\/v2\/pages"}],"about":[{"href":"https:\/\/mebsa.es\/ca\/wp-json\/wp\/v2\/types\/page"}],"author":[{"embeddable":true,"href":"https:\/\/mebsa.es\/ca\/wp-json\/wp\/v2\/users\/4"}],"replies":[{"embeddable":true,"href":"https:\/\/mebsa.es\/ca\/wp-json\/wp\/v2\/comments?post=1049"}],"version-history":[{"count":5,"href":"https:\/\/mebsa.es\/ca\/wp-json\/wp\/v2\/pages\/1049\/revisions"}],"predecessor-version":[{"id":13331,"href":"https:\/\/mebsa.es\/ca\/wp-json\/wp\/v2\/pages\/1049\/revisions\/13331"}],"wp:attachment":[{"href":"https:\/\/mebsa.es\/ca\/wp-json\/wp\/v2\/media?parent=1049"}],"curies":[{"name":"wp","href":"https:\/\/api.w.org\/{rel}","templated":true}]}}