{"id":1468,"date":"2018-10-26T07:46:56","date_gmt":"2018-10-26T07:46:56","guid":{"rendered":"https:\/\/mebsa.es\/?page_id=1468"},"modified":"2025-09-29T09:24:40","modified_gmt":"2025-09-29T09:24:40","slug":"politiques-dempresa","status":"publish","type":"page","link":"https:\/\/mebsa.es\/ca\/politiques-dempresa\/","title":{"rendered":"Pol\u00edtiques d&#8217;empresa"},"content":{"rendered":"<p><strong><u>POL\u00cdTICA INTEGRADA DE QUALITAT I MEDI AMBIENT<\/u><\/strong><\/p>\n<p>L\u2019empresa Mecanitzats Eudald Burgaya Sala, S.L., coneguda com a MEBSA, dedicada al mecanitzat de peces de precisi\u00f3 i marcatge l\u00e0ser, ha orientat la seva estrat\u00e8gia empresarial considerant el comprom\u00eds pel respecte del Medi Ambient, aix\u00ed com la qualitat dels productes que fabrica i serveis que presta. Amb la finalitat de millorar la seva competitivitat, protegir el Medi Ambient i millorar els resultats econ\u00f2mics, ha definit la present Pol\u00edtica Integrada de Qualitat i Medi Ambient i t\u00e9 implantat un Sistema Integrat de Gesti\u00f3 segons les normes de Qualitat UNE-EN ISO 9001:2015 i EN 9100:2018 i la norma de Medi Ambient UNE-EN ISO 14001:2015. Com a desplegament d\u2019aquesta pol\u00edtica, disposa d\u2019un Manual Integrat de Gesti\u00f3 i Procediments que s\u00f3n documents vius i que encoratgen continues millores a tots els nivells.<\/p>\n<p>La Direcci\u00f3 identifica les diferents parts interessades de la seva activitat, defineix les expectatives que tenen i procura satisfer-les. Es compromet a complir els requisits legals i reglamentaris de car\u00e0cter ambiental i empresarial, aix\u00ed com els acords de confidencialitat que mant\u00e9 amb els clients, promou el Sistema Integrat de Gesti\u00f3 que ha de comptar amb l\u2019entusiasme i comprensi\u00f3 de tota la plantilla, informa de la import\u00e0ncia que t\u00e9 l\u2019enfocament al Client i la sensibilitzaci\u00f3 pel Medi Ambient, elements que han d\u2019estar presents en totes les activitats de l\u2019empresa. MEBSA es compromet a mantenir un di\u00e0leg obert amb les diferents parts interessades amb la finalitat de garantir que es compleixen els requisits i es satisfan els interessos relacionats amb aspectes mediambientals i de qualitat dels productes i serveis, integrant espec\u00edficament als prove\u00efdors en el comprom\u00eds per la qualitat i el respecte pel medi ambient. Es tindran en compte les opcions tecnol\u00f2giques, els requisits financers, operacionals i de negoci, aix\u00ed com l\u2019opini\u00f3 que expressin les diferents parts interessades.<\/p>\n<p>MEBSA identifica els aspectes ambientals i busca la reducci\u00f3 dels impactes ambientals associats als processos que es porten a terme en les instal\u00b7lacions operatives de l\u2019empresa. Es treballa en la prevenci\u00f3, la reducci\u00f3 i eliminaci\u00f3 de qualsevol tipus de contaminaci\u00f3, aix\u00ed com en la reutilitzaci\u00f3 dels recursos disponibles.<\/p>\n<p>MEBSA aporta els recursos t\u00e8cnics i la formaci\u00f3 necess\u00e0ria per qu\u00e8 les persones puguin fer realitat el Sistema Integrat de Gesti\u00f3 i la millora continua de la seva efici\u00e8ncia. Les activitats desenvolupades per l\u2019empresa estan resumides en el Mapa de Processos i peri\u00f2dicament es porta a terme un an\u00e0lisi dels riscos i oportunitats.<\/p>\n<p>L\u2019assumpci\u00f3 d\u2019aquesta Pol\u00edtica i les responsabilitats per part dels diferents nivells dintre de l\u2019organitzaci\u00f3 \u00e9s un requisit imprescindible per aconseguir la satisfacci\u00f3 dels clients i dem\u00e9s parts interessades, la protecci\u00f3 del medi ambient i la millora continua, tant del comportament ambiental dels diferents processos com dels productes i serveis oferts als clients.<\/p>\n<p>Ref.: MEB-PIQMA-r1<\/p>\n<p><strong><u>POL\u00cdTICA SOBRE RSC I COMPORTAMENT \u00c8TIC DE MEBSA<\/u><\/strong><\/p>\n<p>La Direcci\u00f3 de MEBSA ha definit la present Pol\u00edtica sobre Responsabilitat Social Corporativa (RSC) i de comportament \u00e8tic per deixar const\u00e0ncia formal dels compromisos i principis que sempre han regit la manera de fer de l\u2019empresa des de la seva creaci\u00f3. Com a refer\u00e8ncia s\u2019ha considerat la norma ISO 26000.<\/p>\n<p>La Direcci\u00f3 es compromet a complir els requisits legals i reglamentaris en mat\u00e8ria de contractaci\u00f3 del personal i condicions de treball de tots els empleats, vetllant sempre pel compliments dels Drets Humans.<\/p>\n<p>La Direcci\u00f3 es compromet a vetllar per l\u2019\u00fas de bones pr\u00e0ctiques amb la finalitat de garantir que tot el personal compleix les lleis i normatives anti-suborn i anticorrupci\u00f3 en tots els pa\u00efsos i \u00e0rees comercials on MEBSA opera.<\/p>\n<p>La Direcci\u00f3 es compromet a adoptar sempre un comportament \u00e8tic en la pressa de decisions, evitant els conflictes d\u2019interessos, i quan es donin, prendre sempre les decisions en base als interessos de l\u2019empresa; i a ser fidels en els registres i documentaci\u00f3 comptable, de tal manera que es reflecteixi la veritable naturalesa de les transaccions.<\/p>\n<p>La Direcci\u00f3 es compromet a fer extensiu als seus prove\u00efdors els principis d\u2019aquesta pol\u00edtica, mitjan\u00e7ant la incorporaci\u00f3 dels mateixos en el document \u201cCompres: Acord marc Prove\u00efdor-MEBSA\u201d.<\/p>\n<p>MEBSA deixa const\u00e0ncia del seguiment d\u2019aquests aspectes en la mem\u00f2ria anual de l\u2019Informe de Revisi\u00f3 del Sistema.<\/p>\n<p>MEB-PRSC-r1<\/p>\n","protected":false},"excerpt":{"rendered":"<p>POL\u00cdTICA INTEGRADA DE QUALITAT I MEDI AMBIENT L\u2019empresa Mecanitzats Eudald Burgaya Sala, S.L., coneguda com a MEBSA, dedicada al mecanitzat de peces de precisi\u00f3 i marcatge l\u00e0ser, ha orientat la seva estrat\u00e8gia empresarial considerant el comprom\u00eds pel respecte del Medi Ambient, aix\u00ed com la qualitat dels productes que fabrica i serveis que presta. Amb la [&hellip;]<\/p>\n","protected":false},"author":4,"featured_media":0,"parent":0,"menu_order":51,"comment_status":"closed","ping_status":"closed","template":"app-templates\/page-legal.php","meta":{"_acf_changed":false,"footnotes":""},"class_list":["post-1468","page","type-page","status-publish","hentry"],"acf":[],"_links":{"self":[{"href":"https:\/\/mebsa.es\/ca\/wp-json\/wp\/v2\/pages\/1468","targetHints":{"allow":["GET"]}}],"collection":[{"href":"https:\/\/mebsa.es\/ca\/wp-json\/wp\/v2\/pages"}],"about":[{"href":"https:\/\/mebsa.es\/ca\/wp-json\/wp\/v2\/types\/page"}],"author":[{"embeddable":true,"href":"https:\/\/mebsa.es\/ca\/wp-json\/wp\/v2\/users\/4"}],"replies":[{"embeddable":true,"href":"https:\/\/mebsa.es\/ca\/wp-json\/wp\/v2\/comments?post=1468"}],"version-history":[{"count":6,"href":"https:\/\/mebsa.es\/ca\/wp-json\/wp\/v2\/pages\/1468\/revisions"}],"predecessor-version":[{"id":2411,"href":"https:\/\/mebsa.es\/ca\/wp-json\/wp\/v2\/pages\/1468\/revisions\/2411"}],"wp:attachment":[{"href":"https:\/\/mebsa.es\/ca\/wp-json\/wp\/v2\/media?parent=1468"}],"curies":[{"name":"wp","href":"https:\/\/api.w.org\/{rel}","templated":true}]}}