{"id":3003,"date":"2023-03-20T10:11:01","date_gmt":"2023-03-20T10:11:01","guid":{"rendered":"https:\/\/mebsa.es\/?page_id=3003"},"modified":"2026-02-17T11:22:33","modified_gmt":"2026-02-17T11:22:33","slug":"marcatge-laser","status":"publish","type":"page","link":"https:\/\/mebsa.es\/ca\/marcatge-laser\/","title":{"rendered":"Marcatge l\u00e0ser"},"content":{"rendered":"\r\n<p>El marcatge l\u00e0ser \u00e9s la tecnologia que utilitzem a Mebsa per crear marques permanents amb alta qualitat i definici\u00f3 sobre diferents materials.<\/p>\r\n\r\n\r\n\r\n<p>Funciona a partir d&#8217;un feix de llum l\u00e0ser \u2013generat per una font de d\u00edodes i transm\u00e8s mitjan\u00e7ant un mitj\u00e0 de fibra \u00f2ptica\u2013 que dirigeix el feix de llum sobre la superf\u00edcie del material a marcar. No requereix l&#8217;\u00fas de productes qu\u00edmics o tintes, per la qual cosa \u00e9s una opci\u00f3 altament respectuosa amb el medi ambient.<\/p>\r\n\r\n\r\n\r\n<p>D\u00f3na com a resultat imatges gr\u00e0fiques n\u00edtides i d&#8217;alt contrast, que poden incloure tots els textos, dates, numeracions, s\u00edmbols, logotips i codis de barres que el client vulgui.<\/p>\r\n\r\n\r\n\r\n<p>Ens permet oferir un marcat indeleble de la m\u00e9s alta qualitat, cosa que significa que les marques s\u00f3n resistents a l&#8217;agressi\u00f3 f\u00edsica i qu\u00edmica, i constitueixen una eina molt \u00fatil per a la identificaci\u00f3 i la tra\u00e7abilitat de peces industrials.<\/p>\r\n","protected":false},"excerpt":{"rendered":"<p>El marcatge l\u00e0ser \u00e9s la tecnologia que utilitzem a Mebsa per crear marques permanents amb alta qualitat i definici\u00f3 sobre diferents materials. Funciona a partir d&#8217;un feix de llum l\u00e0ser \u2013generat per una font de d\u00edodes i transm\u00e8s mitjan\u00e7ant un mitj\u00e0 de fibra \u00f2ptica\u2013 que dirigeix el feix de llum sobre la superf\u00edcie del material [&hellip;]<\/p>\n","protected":false},"author":4,"featured_media":0,"parent":0,"menu_order":12,"comment_status":"closed","ping_status":"closed","template":"","meta":{"_acf_changed":false,"footnotes":""},"class_list":["post-3003","page","type-page","status-publish","hentry"],"acf":[],"_links":{"self":[{"href":"https:\/\/mebsa.es\/ca\/wp-json\/wp\/v2\/pages\/3003","targetHints":{"allow":["GET"]}}],"collection":[{"href":"https:\/\/mebsa.es\/ca\/wp-json\/wp\/v2\/pages"}],"about":[{"href":"https:\/\/mebsa.es\/ca\/wp-json\/wp\/v2\/types\/page"}],"author":[{"embeddable":true,"href":"https:\/\/mebsa.es\/ca\/wp-json\/wp\/v2\/users\/4"}],"replies":[{"embeddable":true,"href":"https:\/\/mebsa.es\/ca\/wp-json\/wp\/v2\/comments?post=3003"}],"version-history":[{"count":32,"href":"https:\/\/mebsa.es\/ca\/wp-json\/wp\/v2\/pages\/3003\/revisions"}],"predecessor-version":[{"id":13887,"href":"https:\/\/mebsa.es\/ca\/wp-json\/wp\/v2\/pages\/3003\/revisions\/13887"}],"wp:attachment":[{"href":"https:\/\/mebsa.es\/ca\/wp-json\/wp\/v2\/media?parent=3003"}],"curies":[{"name":"wp","href":"https:\/\/api.w.org\/{rel}","templated":true}]}}