{"id":919,"date":"2015-06-26T10:26:30","date_gmt":"2015-06-26T10:26:30","guid":{"rendered":"https:\/\/mebsa.es\/newsite\/?page_id=919"},"modified":"2025-09-29T09:24:13","modified_gmt":"2025-09-29T09:24:13","slug":"notes-legals","status":"publish","type":"page","link":"https:\/\/mebsa.es\/ca\/notes-legals\/","title":{"rendered":"Notes legals"},"content":{"rendered":"<p><strong>Informaci\u00f3 general<\/strong><\/p>\n<p>En compliment de la llei 34\/2002, d&#8217;11 de juliol, de serveis de la societat de la informaci\u00f3 i del comer\u00e7 electr\u00f2nic:<\/p>\n<p class=\"p1\"><span class=\"s2\">Titular de la p\u00e0gina web:\u00a0<\/span>MECANITZATS EUDALD BURGAYA SALA S.L.<\/p>\n<p class=\"p1\">MECANITZATS EUDALD BURGAYA SALA S.L. est\u00e0 domiciliada a\u00a0<span class=\"s4\">C\/Mestral n\u00ba.14 \u2013 \u201cPol. Ind. Explasa\u201d i Sta. Eug\u00e8nia de Berga<\/span>\u00a0Inscrita en el Registre Mercantil de Barcelona, Tom\u00a0<span class=\"s4\">30639<\/span>,\u00a0Foli\u00a0<span class=\"s4\">83<\/span>, Full n\u00ba\u00a0<span class=\"s4\">B 176927,<\/span>\u00a0Inscripci\u00f3\u00a0<span class=\"s4\"><b>1<\/b><\/span><b>\u00a0<\/b>i C.I.F.\u00a0<span class=\"s4\">ESB61633160<\/span>. Adre\u00e7a de correu electr\u00f2nic de\u00a0<span class=\"s4\">contacte\u00a0<span style=\"text-decoration: underline;\"><a href=\"mailto:mebsa@mebsa.es\"><span class=\"s5\">mebsa@mebsa.es<\/span><\/a><\/span>.\u00a0<span style=\"text-decoration: underline;\"><a href=\"http:\/\/www.mebsa.es\">www.mebsa.es<\/a><\/span><\/span>\u00a0\u00e9s l&#8217;adre\u00e7a web de MECANITZATS EUDALD BURGAYA SALA S.L., mitjan\u00e7ant la qual ofereix als usuaris d&#8217;internet informaci\u00f3 sobre l&#8217;empresa i els serveis que ofereix. Tel\u00a0<span class=\"s4\">938894776<\/span>\u00a0\/ Fax\u00a0<span class=\"s4\">938894863<\/span><\/p>\n<p class=\"p1\"><strong>Propietat intel\u00b7lectual<\/strong><\/p>\n<p>\u00a9 Copyright 2015 MECANITZATS EUDALD BURGAYA SALA, S.L., tots els drets d&#8217;explotaci\u00f3 estan reservats. Els drets de propietat intel\u00b7lectual sobre el contingut \u00edntegre d&#8217;aquesta p\u00e0gina web s\u00f3n propietatMECANITZATS EUDALD BURGAYA SALA, S.L. Queda prohibida la reproducci\u00f3, retransmissi\u00f3, c\u00f2pia, cessi\u00f3 o difusi\u00f3 total o parcial del seu contingut sense autoritzaci\u00f3 expressa i per escrit. Aix\u00ed com tampoc s&#8217;autoritza:<\/p>\n<p>* Presentaci\u00f3 d&#8217;una p\u00e0gina del lloc web en una finestra que no pertany a MECANITZATS EUDALD BURGAYA SALA, S.L. per mitj\u00e0 de &#8220;framing&#8221;&#8221;.<\/p>\n<p>* La inserci\u00f3 d&#8217;una imatge difosa al lloc web en una p\u00e0gina que no \u00e9s de MECANITZATS EUDALD BURGAYA SALA, S.L. mitjan\u00e7ant &#8220;in line linking&#8221;.<\/p>\n<p>* L&#8217;extracci\u00f3 d&#8217;elements del lloc web causant perjudici a MECANITZATS EUDALD BURGAYA SALA, S.L.<strong>\u00a0<\/strong>conforme les disposicions vigents.<\/p>\n<p>&nbsp;<\/p>\n<p><strong>Informaci\u00f3 adicional<\/strong><\/p>\n<p>Per a la seva comoditat, aquest lloc web cont\u00e9 enlla\u00e7os d&#8217;hipertext amb altres llocs web que poden tenir pol\u00edtiques de privacitat diferents. Li recomanem examinar les seves respectives cl\u00e0usules sobre protecci\u00f3 de dades. Sota cap concepte no s&#8217;intercanviaran dades de car\u00e0cter personal amb aquests llocs web externs. MECANITZATS EUDALD BURGAYA SALA, S.L. no es fa responsable ni del contingut, ni de qualsevol altre aspecte relacionat amb llocs web pertanyents o dirigits per terceres persones. La inclusi\u00f3 de vincles amb altres llocs web no implica, a m\u00e9s, l&#8217;exist\u00e8ncia de cap tipus d&#8217;associaci\u00f3 entre MECANITZATS EUDALD BURGAYA SALA, S.L. i els seus titulars. Llevat d&#8217;autoritzaci\u00f3 expressa del MECANITZATS EUDALD BURGAYA SALA, S.L. es prohibeix l&#8217;establiment de vincles des de llocs web aliens al MECANITZATS EUDALD BURGAYA SALA, S.L.<\/p>\n<p>De conformitat amb l&#8217;article 12 de la Llei 34\/2002, d&#8217;11 de juliol, de Serveis de la Societat de la Informaci\u00f3 i Comer\u00e7 Electr\u00f2nic, haurem de retenir al nostre servidor les dades de connexi\u00f3 i tr\u00e0fic generades per les comunicacions establertes per un per\u00edode de dotze mesos.<\/p>\n<p>&nbsp;<\/p>\n<p><strong>Responsabilitat dels continguts i dels enlla\u00e7os<\/strong><\/p>\n<p>MECANITZATS EUDALD BURGAYA SALA, S.L no assumeix la responsabilitat de les infraccions que els usuaris puguin inc\u00f3rrer o dels danys i perjudicis causats per la utilitzaci\u00f3 d&#8217;aquesta web i es reserva el dret d&#8217;actualitzaci\u00f3 i modificaci\u00f3 de la informaci\u00f3 sense previ av\u00eds. MECANITZATS EUDALD BURGAYA SALA, S.L. no assumeix la responsabilitat del contingut, veracitat i errors en els enlla\u00e7os als quals es pot accedir a trav\u00e9s de la p\u00e0gina web. La \u00fanica finalitat dels enlla\u00e7os \u00e9s la de proporcionar als usuaris l&#8217;acc\u00e9s a una informaci\u00f3 que pot ser del seu inter\u00e8s.<\/p>\n<p>&nbsp;<\/p>\n<p><strong>Dades de car\u00e0cter personal: pol\u00edtica de privacitat<\/strong><\/p>\n<p>Les dades que l&#8217;usuari faciliti volunt\u00e0riament a trav\u00e9s d&#8217;aquesta p\u00e0gina web, seran objecte de tractament automatitzat i s&#8217;incorporaran a un fitxer propietat de MECANITZATS EUDALD BURGAYA SALA, S.L. a utilitzar les seves dades personals per funcions comercials, permetent enviar informacions publicit\u00e0ries relacionades amb els seus productes i serveis. Les seves dades podran ser cedides a altres empreses amb finalitats promocionals i publicit\u00e0ries. Segons estableix la Llei Org\u00e0nica 15\/1999, de 13 de desembre, de protecci\u00f3 de dades de car\u00e0cter personal, qualsevol usuari pot exercir el dret d&#8217;acc\u00e9s, rectificaci\u00f3, cancel\u00b7laci\u00f3 i oposici\u00f3 de les seves dades personals facilitades, dirigint-se per escrit a:\u2028<strong>\u2028<\/strong><\/p>\n<p>MECANITZATS EUDALD BURGAYA SALA, S.L.<br \/>\nC\/Mestral, 14<br \/>\nPol. Ind. Explasa<br \/>\nSta. Eug\u00e8nia de Berga<br \/>\nTel\u00e8fon: +34 93 889 47 76<br \/>\nE-Mail: <a href=\"mailto:mebsa@mebsa.es\">mebsa@mebsa.es<\/a><\/p>\n<p>El sistema de navegaci\u00f3 i el software necessaris pel funcionament d&#8217;aquest lloc web recull, en el curs normal per al seu exercici, algunes dades personals la transmissi\u00f3 de les quals \u00e9s impl\u00edcita en l&#8217;\u00fas dels protocols de comunicaci\u00f3 d&#8217;internet. Es tracta d&#8217;informaci\u00f3 que no \u00e9s obtinguda per \u00e9sser associada a interessats identificats, per\u00f2 que per la seva naturalesa podrien, mitjan\u00e7ant la seva elaboraci\u00f3 o associaci\u00f3 amb dades de tercers, permetre&#8217;n la identificaci\u00f3. Aquestes dades s&#8217;utilitzen amb l&#8217;exclusiva finalitat d&#8217;obtenir informaci\u00f3 estad\u00edstica an\u00f2nima sobre l&#8217;\u00fas del lloc web, aix\u00ed com tamb\u00e9 per controlar-ne el correcte funcionament t\u00e8cnic i es cancel\u00b7len immediatament despr\u00e9s de la seva elaboraci\u00f3.<\/p>\n<p>&nbsp;<\/p>\n<p><strong>Llei i jurisdicci\u00f3 aplicable<\/strong><\/p>\n<p>Les anteriors condicions es regiran per la normativa espanyola.<\/p>\n","protected":false},"excerpt":{"rendered":"<p>Informaci\u00f3 general En compliment de la llei 34\/2002, d&#8217;11 de juliol, de serveis de la societat de la informaci\u00f3 i del comer\u00e7 electr\u00f2nic: Titular de la p\u00e0gina web:\u00a0MECANITZATS EUDALD BURGAYA SALA S.L. MECANITZATS EUDALD BURGAYA SALA S.L. est\u00e0 domiciliada a\u00a0C\/Mestral n\u00ba.14 \u2013 \u201cPol. Ind. Explasa\u201d i Sta. Eug\u00e8nia de Berga\u00a0Inscrita en el Registre Mercantil de [&hellip;]<\/p>\n","protected":false},"author":4,"featured_media":0,"parent":0,"menu_order":42,"comment_status":"open","ping_status":"open","template":"app-templates\/page-legal.php","meta":{"_acf_changed":false,"footnotes":""},"class_list":["post-919","page","type-page","status-publish","hentry"],"acf":[],"_links":{"self":[{"href":"https:\/\/mebsa.es\/ca\/wp-json\/wp\/v2\/pages\/919","targetHints":{"allow":["GET"]}}],"collection":[{"href":"https:\/\/mebsa.es\/ca\/wp-json\/wp\/v2\/pages"}],"about":[{"href":"https:\/\/mebsa.es\/ca\/wp-json\/wp\/v2\/types\/page"}],"author":[{"embeddable":true,"href":"https:\/\/mebsa.es\/ca\/wp-json\/wp\/v2\/users\/4"}],"replies":[{"embeddable":true,"href":"https:\/\/mebsa.es\/ca\/wp-json\/wp\/v2\/comments?post=919"}],"version-history":[{"count":12,"href":"https:\/\/mebsa.es\/ca\/wp-json\/wp\/v2\/pages\/919\/revisions"}],"predecessor-version":[{"id":1084,"href":"https:\/\/mebsa.es\/ca\/wp-json\/wp\/v2\/pages\/919\/revisions\/1084"}],"wp:attachment":[{"href":"https:\/\/mebsa.es\/ca\/wp-json\/wp\/v2\/media?parent=919"}],"curies":[{"name":"wp","href":"https:\/\/api.w.org\/{rel}","templated":true}]}}