{"id":12194,"date":"2018-10-26T07:46:56","date_gmt":"2018-10-26T07:46:56","guid":{"rendered":"https:\/\/mebsa.es\/politiques-dempresa\/"},"modified":"2026-03-18T12:58:12","modified_gmt":"2026-03-18T12:58:12","slug":"unternehmensrichtlinien","status":"publish","type":"page","link":"https:\/\/mebsa.es\/de\/unternehmensrichtlinien\/","title":{"rendered":"Unternehmensrichtlinien"},"content":{"rendered":"<p><span style=\"text-decoration: underline;\"><strong>INTEGRIERTE QUALIT\u00c4TS- UND UMWELTPOLITIK<\/strong><\/span><\/p>\n<p data-start=\"46\" data-end=\"929\">Das Unternehmen Mecanitzats Eudald Burgaya Sala, S.L., bekannt als MEBSA und t\u00e4tig im Bereich Pr\u00e4zisionsbearbeitung und Laserkennzeichnung, richtet seine Unternehmensstrategie auf das Engagement f\u00fcr den Umweltschutz sowie auf die Qualit\u00e4t der hergestellten Produkte und der erbrachten Dienstleistungen aus. Um seine Wettbewerbsf\u00e4higkeit zu steigern, die Umwelt zu sch\u00fctzen und seine wirtschaftlichen Ergebnisse zu verbessern, hat es diese Integrierte Qualit\u00e4ts- und Umweltpolitik definiert und ein Integriertes Managementsystem gem\u00e4\u00df den Qualit\u00e4tsnormen UNE-EN ISO 9001:2015 und EN 9100:2018 sowie der Umweltmanagementnorm UNE-EN ISO 14001:2015 eingef\u00fchrt. Zur Umsetzung dieser Politik verf\u00fcgt das Unternehmen \u00fcber ein Integriertes Managementhandbuch und entsprechende Verfahren, die als lebendige Dokumente die kontinuierliche Verbesserung des Unternehmens auf allen Ebenen f\u00f6rdern.<\/p>\n<p data-start=\"931\" data-end=\"2014\">Die Gesch\u00e4ftsleitung identifiziert die verschiedenen interessierten Parteien der T\u00e4tigkeit, definiert deren Erwartungen und bem\u00fcht sich, diese zu erf\u00fcllen. Sie verpflichtet sich zur Einhaltung der gesetzlichen und regulatorischen Anforderungen im Umwelt- und Unternehmensbereich sowie der mit den Kunden vereinbarten Vertraulichkeitsvereinbarungen. Sie f\u00f6rdert das Integrierte Managementsystem, das die Beteiligung und das Verst\u00e4ndnis der gesamten Belegschaft erfordert, und sensibilisiert f\u00fcr die Bedeutung der Kundenorientierung und des Umweltschutzes als grundlegende Elemente aller Unternehmensaktivit\u00e4ten. MEBSA verpflichtet sich zu einem offenen Dialog mit den verschiedenen Interessengruppen, um die Einhaltung der Anforderungen sicherzustellen und die Erwartungen in Bezug auf Umweltaspekte sowie die Qualit\u00e4t von Produkten und Dienstleistungen zu erf\u00fcllen, wobei auch die Lieferanten in dieses Engagement einbezogen werden. Dabei werden technologische Optionen, finanzielle, operative und gesch\u00e4ftliche Anforderungen sowie die Meinungen der Interessengruppen ber\u00fccksichtigt.<\/p>\n<p data-start=\"2016\" data-end=\"2323\">MEBSA identifiziert Umweltaspekte und arbeitet an der Reduzierung der mit den Prozessen in den beiden Betriebsst\u00e4tten verbundenen Umweltauswirkungen. Der Fokus liegt auf der Vermeidung, Verringerung und Beseitigung jeglicher Art von Umweltverschmutzung sowie auf der Wiederverwendung verf\u00fcgbarer Ressourcen.<\/p>\n<p data-start=\"2325\" data-end=\"2679\">MEBSA stellt die technischen Ressourcen und die notwendige Schulung bereit, damit das Personal das Integrierte Managementsystem umsetzen und die kontinuierliche Verbesserung der Effizienz erreichen kann. Die Aktivit\u00e4ten des Unternehmens sind in der Prozesslandkarte zusammengefasst, und es werden regelm\u00e4\u00dfig Analysen von Risiken und Chancen durchgef\u00fchrt.<\/p>\n<p data-start=\"2681\" data-end=\"3062\">Die \u00dcbernahme dieser Politik und der damit verbundenen Verantwortlichkeiten auf allen Ebenen der Organisation ist eine grundlegende Voraussetzung, um die Zufriedenheit der Kunden und anderer Interessengruppen, den Schutz der Umwelt sowie die kontinuierliche Verbesserung sowohl der Umweltleistung der Prozesse als auch der angebotenen Produkte und Dienstleistungen sicherzustellen.<\/p>\n<p data-start=\"3064\" data-end=\"3085\">Ref.: MEB-PIQMA-r1-ES<\/p>\n<p data-start=\"3092\" data-end=\"3174\"><span style=\"text-decoration: underline;\"><strong data-start=\"3092\" data-end=\"3174\">POLITIK ZUR SOZIALEN VERANTWORTUNG (CSR) UND ZUM ETHISCHEN VERHALTEN VON MEBSA<\/strong><\/span><\/p>\n<p data-start=\"3176\" data-end=\"3492\">Die Gesch\u00e4ftsleitung von MEBSA hat diese Politik zur sozialen Verantwortung (Corporate Social Responsibility, CSR) und zum ethischen Verhalten definiert, um die Verpflichtungen und Grunds\u00e4tze formell festzuhalten, die seit der Gr\u00fcndung des Unternehmens sein Handeln bestimmen. Als Referenz diente die Norm ISO 26000.<\/p>\n<ul>\n<li>\n<p data-start=\"3494\" data-end=\"3726\">Die Gesch\u00e4ftsleitung verpflichtet sich, die gesetzlichen und regulatorischen Anforderungen in Bezug auf Personalbeschaffung und Arbeitsbedingungen aller Mitarbeitenden einzuhalten und dabei stets die Menschenrechte zu gew\u00e4hrleisten.<\/p>\n<\/li>\n<li>\n<p data-start=\"3494\" data-end=\"3726\">Die Gesch\u00e4ftsleitung verpflichtet sich, bew\u00e4hrte Praktiken zu f\u00f6rdern, um sicherzustellen, dass das gesamte Personal die Vorschriften zur Korruptionsbek\u00e4mpfung und Bestechungspr\u00e4vention in allen L\u00e4ndern und Gesch\u00e4ftsbereichen, in denen MEBSA t\u00e4tig ist, einh\u00e4lt.<\/p>\n<\/li>\n<li>\n<p data-start=\"3494\" data-end=\"3726\">Die Gesch\u00e4ftsleitung verpflichtet sich, bei der Entscheidungsfindung stets ethisch zu handeln, Interessenkonflikte zu vermeiden und, falls solche auftreten, Entscheidungen im Interesse des Unternehmens zu treffen. Zudem wird sichergestellt, dass Buchhaltungsunterlagen und Aufzeichnungen die tats\u00e4chliche Natur der Transaktionen korrekt widerspiegeln.<\/p>\n<\/li>\n<li>\n<p data-start=\"3494\" data-end=\"3726\">Die Gesch\u00e4ftsleitung verpflichtet sich, diese Grunds\u00e4tze auch auf ihre Lieferanten auszuweiten, indem sie diese in das Dokument \u201eEinkauf: Rahmenvereinbarung Lieferant\u2013MEBSA\u201c integriert.<\/p>\n<\/li>\n<\/ul>\n<p data-start=\"4531\" data-end=\"4625\">MEBSA dokumentiert die \u00dcberwachung dieser Aspekte im j\u00e4hrlichen Bericht zur System\u00fcberpr\u00fcfung.<\/p>\n<p data-start=\"4627\" data-end=\"4647\" data-is-last-node=\"\" data-is-only-node=\"\">MEB-PRSC-r1-ES<\/p>\n","protected":false},"excerpt":{"rendered":"<p>INTEGRIERTE QUALIT\u00c4TS- UND UMWELTPOLITIK Das Unternehmen Mecanitzats Eudald Burgaya Sala, S.L., bekannt als MEBSA und t\u00e4tig im Bereich Pr\u00e4zisionsbearbeitung und Laserkennzeichnung, richtet seine Unternehmensstrategie auf das Engagement f\u00fcr den Umweltschutz sowie auf die Qualit\u00e4t der hergestellten Produkte und der erbrachten Dienstleistungen aus. Um seine Wettbewerbsf\u00e4higkeit zu steigern, die Umwelt zu sch\u00fctzen und seine wirtschaftlichen Ergebnisse [&hellip;]<\/p>\n","protected":false},"author":4,"featured_media":0,"parent":0,"menu_order":55,"comment_status":"closed","ping_status":"closed","template":"app-templates\/page-legal.php","meta":{"_acf_changed":false,"footnotes":""},"class_list":["post-12194","page","type-page","status-publish","hentry"],"acf":[],"_links":{"self":[{"href":"https:\/\/mebsa.es\/de\/wp-json\/wp\/v2\/pages\/12194","targetHints":{"allow":["GET"]}}],"collection":[{"href":"https:\/\/mebsa.es\/de\/wp-json\/wp\/v2\/pages"}],"about":[{"href":"https:\/\/mebsa.es\/de\/wp-json\/wp\/v2\/types\/page"}],"author":[{"embeddable":true,"href":"https:\/\/mebsa.es\/de\/wp-json\/wp\/v2\/users\/4"}],"replies":[{"embeddable":true,"href":"https:\/\/mebsa.es\/de\/wp-json\/wp\/v2\/comments?post=12194"}],"version-history":[{"count":3,"href":"https:\/\/mebsa.es\/de\/wp-json\/wp\/v2\/pages\/12194\/revisions"}],"predecessor-version":[{"id":13991,"href":"https:\/\/mebsa.es\/de\/wp-json\/wp\/v2\/pages\/12194\/revisions\/13991"}],"wp:attachment":[{"href":"https:\/\/mebsa.es\/de\/wp-json\/wp\/v2\/media?parent=12194"}],"curies":[{"name":"wp","href":"https:\/\/api.w.org\/{rel}","templated":true}]}}