{"id":1413,"date":"2024-02-01T09:12:26","date_gmt":"2024-02-01T09:12:26","guid":{"rendered":"https:\/\/mebsa.es\/?page_id=1413"},"modified":"2025-12-03T09:37:34","modified_gmt":"2025-12-03T09:37:34","slug":"wir","status":"publish","type":"page","link":"https:\/\/mebsa.es\/de\/wir\/","title":{"rendered":"Wir"},"content":{"rendered":"<h1>Industrielle Pr\u00e4zision seit 1998<\/h1>\n<p>Seit 1998 widmet sich das Unternehmen Mebsa der Pr\u00e4zisionsbearbeitung. Mit unserer Ausstattung und unserer langj\u00e4hrigen Erfahrung in Sachen Bearbeitung und Qualit\u00e4tskontrolle k\u00f6nnen wir technisch komplexe Aufgaben f\u00fcr h\u00f6chste Anspr\u00fcche ausf\u00fchren. Unser Standort, 60 km von Barcelona und 120 km von Frankreich entfernt, macht uns zu Partnern f\u00fcr nationale wie internationale Kunden. Unsere famili\u00e4re Veranlagung sorgt dabei stets f\u00fcr einen pers\u00f6nlichen und aufmerksamen Umgang.<\/p>\n","protected":false},"excerpt":{"rendered":"<p>Industrielle Pr\u00e4zision seit 1998 Seit 1998 widmet sich das Unternehmen Mebsa der Pr\u00e4zisionsbearbeitung. Mit unserer Ausstattung und unserer langj\u00e4hrigen Erfahrung in Sachen Bearbeitung und Qualit\u00e4tskontrolle k\u00f6nnen wir technisch komplexe Aufgaben f\u00fcr h\u00f6chste Anspr\u00fcche ausf\u00fchren. Unser Standort, 60 km von Barcelona und 120 km von Frankreich entfernt, macht uns zu Partnern f\u00fcr nationale wie internationale Kunden. [&hellip;]<\/p>\n","protected":false},"author":4,"featured_media":12520,"parent":0,"menu_order":28,"comment_status":"closed","ping_status":"closed","template":"","meta":{"_acf_changed":false,"footnotes":""},"class_list":["post-1413","page","type-page","status-publish","has-post-thumbnail","hentry"],"acf":[],"_links":{"self":[{"href":"https:\/\/mebsa.es\/de\/wp-json\/wp\/v2\/pages\/1413","targetHints":{"allow":["GET"]}}],"collection":[{"href":"https:\/\/mebsa.es\/de\/wp-json\/wp\/v2\/pages"}],"about":[{"href":"https:\/\/mebsa.es\/de\/wp-json\/wp\/v2\/types\/page"}],"author":[{"embeddable":true,"href":"https:\/\/mebsa.es\/de\/wp-json\/wp\/v2\/users\/4"}],"replies":[{"embeddable":true,"href":"https:\/\/mebsa.es\/de\/wp-json\/wp\/v2\/comments?post=1413"}],"version-history":[{"count":18,"href":"https:\/\/mebsa.es\/de\/wp-json\/wp\/v2\/pages\/1413\/revisions"}],"predecessor-version":[{"id":13530,"href":"https:\/\/mebsa.es\/de\/wp-json\/wp\/v2\/pages\/1413\/revisions\/13530"}],"wp:featuredmedia":[{"embeddable":true,"href":"https:\/\/mebsa.es\/de\/wp-json\/wp\/v2\/media\/12520"}],"wp:attachment":[{"href":"https:\/\/mebsa.es\/de\/wp-json\/wp\/v2\/media?parent=1413"}],"curies":[{"name":"wp","href":"https:\/\/api.w.org\/{rel}","templated":true}]}}