{"id":3006,"date":"2023-03-20T10:11:01","date_gmt":"2023-03-20T10:11:01","guid":{"rendered":"https:\/\/mebsa.es\/?page_id=3006"},"modified":"2025-12-17T09:16:17","modified_gmt":"2025-12-17T09:16:17","slug":"lasermarkierung","status":"publish","type":"page","link":"https:\/\/mebsa.es\/de\/lasermarkierung\/","title":{"rendered":"Lasermarkierung"},"content":{"rendered":"\r\n<p>Lasermarkierung ist die Technologie, die wir bei Mebsa verwenden, um dauerhafte Markierungen mit hoher Qualit\u00e4t und Definition auf verschiedenen Materialien zu erstellen.<\/p>\r\n\r\n\r\n\r\n<p>Es arbeitet mit einem Laserlichtstrahl, der von einer Diodenquelle erzeugt und durch ein faseroptisches Medium \u00fcbertragen wird, der den Lichtstrahl auf die Oberfl\u00e4che des zu markierenden Materials richtet. Es erfordert keine Verwendung von Chemikalien oder Tinten, was es zu einer \u00e4u\u00dferst umweltfreundlichen Option macht.<\/p>\r\n\r\n\r\n\r\n<p>Das Ergebnis sind scharfe, kontrastreiche Grafiken, die alle vom Kunden gew\u00fcnschten Texte, Daten, Nummerierungen, Symbole, Logos und Strichcodes enthalten k\u00f6nnen.<\/p>\r\n\r\n\r\n\r\n<p>Es erm\u00f6glicht uns, eine unausl\u00f6schliche Markierung von h\u00f6chster Qualit\u00e4t anzubieten, was bedeutet, dass die Markierungen gegen physikalische und chemische Angriffe best\u00e4ndig sind und ein sehr n\u00fctzliches Werkzeug f\u00fcr die Identifizierung und R\u00fcckverfolgbarkeit von Industrieteilen darstellen.<\/p>\r\n","protected":false},"excerpt":{"rendered":"<p>Lasermarkierung ist die Technologie, die wir bei Mebsa verwenden, um dauerhafte Markierungen mit hoher Qualit\u00e4t und Definition auf verschiedenen Materialien zu erstellen. Es arbeitet mit einem Laserlichtstrahl, der von einer Diodenquelle erzeugt und durch ein faseroptisches Medium \u00fcbertragen wird, der den Lichtstrahl auf die Oberfl\u00e4che des zu markierenden Materials richtet. Es erfordert keine Verwendung von [&hellip;]<\/p>\n","protected":false},"author":4,"featured_media":0,"parent":0,"menu_order":11,"comment_status":"closed","ping_status":"closed","template":"","meta":{"_acf_changed":false,"footnotes":""},"class_list":["post-3006","page","type-page","status-publish","hentry"],"acf":[],"_links":{"self":[{"href":"https:\/\/mebsa.es\/de\/wp-json\/wp\/v2\/pages\/3006","targetHints":{"allow":["GET"]}}],"collection":[{"href":"https:\/\/mebsa.es\/de\/wp-json\/wp\/v2\/pages"}],"about":[{"href":"https:\/\/mebsa.es\/de\/wp-json\/wp\/v2\/types\/page"}],"author":[{"embeddable":true,"href":"https:\/\/mebsa.es\/de\/wp-json\/wp\/v2\/users\/4"}],"replies":[{"embeddable":true,"href":"https:\/\/mebsa.es\/de\/wp-json\/wp\/v2\/comments?post=3006"}],"version-history":[{"count":11,"href":"https:\/\/mebsa.es\/de\/wp-json\/wp\/v2\/pages\/3006\/revisions"}],"predecessor-version":[{"id":13545,"href":"https:\/\/mebsa.es\/de\/wp-json\/wp\/v2\/pages\/3006\/revisions\/13545"}],"wp:attachment":[{"href":"https:\/\/mebsa.es\/de\/wp-json\/wp\/v2\/media?parent=3006"}],"curies":[{"name":"wp","href":"https:\/\/api.w.org\/{rel}","templated":true}]}}