{"id":885,"date":"2015-06-10T10:41:50","date_gmt":"2015-06-10T10:41:50","guid":{"rendered":"https:\/\/mebsa.es\/newsite\/?page_id=885"},"modified":"2026-04-13T08:35:11","modified_gmt":"2026-04-13T08:35:11","slug":"kontakt","status":"publish","type":"page","link":"https:\/\/mebsa.es\/de\/kontakt\/","title":{"rendered":"Kontakt"},"content":{"rendered":"<p class=\"wpcf7-contact-form-not-found\"><strong>Fehler:<\/strong> Kontaktformular wurde nicht gefunden.<\/p>\r\n\r\n<h1 class=\"wp-block-heading\">Kontakt MEBSA<\/h1>\r\n\r\n\r\n\r\n<p>Suchen Sie ein Zerspanungsunternehmen, spezialisiert auf hochkomplexe Teile, ein Unternehmen, das mit der besten Technologie auf dem Markt, mit modernen Maschinen und mit Qualit\u00e4tszertifikaten ausgestattet ist? MEBSA ist Ihre beste Wahl, bitte kontaktieren Sie uns.<\/p>\r\n\r\n\r\n\r\n<p>Wenn Sie das Formular ausf\u00fcllen, senden Sie uns Ihre Daten und die f\u00fcr Ihre Bed\u00fcrfnisse am besten geeignete Person wird sich mit Ihnen in Verbindung setzen, um Sie bei der Durchf\u00fchrung der gew\u00fcnschten Projekte zu unterst\u00fctzen.<\/p>\r\n\r\n\r\n\r\n<p>Wenn Sie uns pers\u00f6nlich besuchen m\u00f6chten, finden Sie uns in Sant Juli\u00e0 de Vilatorta, 80 km von Barcelona und 60 km von Girona entfernt. Vereinbaren Sie einen Termin und wir kommen unverbindlich vorbei.<\/p>\r\n","protected":false},"excerpt":{"rendered":"<p>Kontakt MEBSA Suchen Sie ein Zerspanungsunternehmen, spezialisiert auf hochkomplexe Teile, ein Unternehmen, das mit der besten Technologie auf dem Markt, mit modernen Maschinen und mit Qualit\u00e4tszertifikaten ausgestattet ist? MEBSA ist Ihre beste Wahl, bitte kontaktieren Sie uns. Wenn Sie das Formular ausf\u00fcllen, senden Sie uns Ihre Daten und die f\u00fcr Ihre Bed\u00fcrfnisse am besten geeignete [&hellip;]<\/p>\n","protected":false},"author":4,"featured_media":0,"parent":0,"menu_order":37,"comment_status":"open","ping_status":"open","template":"","meta":{"_acf_changed":false,"footnotes":""},"class_list":["post-885","page","type-page","status-publish","hentry"],"acf":[],"_links":{"self":[{"href":"https:\/\/mebsa.es\/de\/wp-json\/wp\/v2\/pages\/885","targetHints":{"allow":["GET"]}}],"collection":[{"href":"https:\/\/mebsa.es\/de\/wp-json\/wp\/v2\/pages"}],"about":[{"href":"https:\/\/mebsa.es\/de\/wp-json\/wp\/v2\/types\/page"}],"author":[{"embeddable":true,"href":"https:\/\/mebsa.es\/de\/wp-json\/wp\/v2\/users\/4"}],"replies":[{"embeddable":true,"href":"https:\/\/mebsa.es\/de\/wp-json\/wp\/v2\/comments?post=885"}],"version-history":[{"count":10,"href":"https:\/\/mebsa.es\/de\/wp-json\/wp\/v2\/pages\/885\/revisions"}],"predecessor-version":[{"id":14184,"href":"https:\/\/mebsa.es\/de\/wp-json\/wp\/v2\/pages\/885\/revisions\/14184"}],"wp:attachment":[{"href":"https:\/\/mebsa.es\/de\/wp-json\/wp\/v2\/media?parent=885"}],"curies":[{"name":"wp","href":"https:\/\/api.w.org\/{rel}","templated":true}]}}