{"id":844,"date":"2024-02-01T09:12:26","date_gmt":"2024-02-01T09:12:26","guid":{"rendered":"https:\/\/mebsa.es\/newsite\/?page_id=844"},"modified":"2025-12-03T09:29:49","modified_gmt":"2025-12-03T09:29:49","slug":"qui-sommes-nous","status":"publish","type":"page","link":"https:\/\/mebsa.es\/fr\/qui-sommes-nous\/","title":{"rendered":"Qui sommes-nous?"},"content":{"rendered":"<h1>Pr\u00e9cision industrielle depuis 1998<\/h1>\n<p>Mebsa est une entreprise d\u00e9di\u00e9 \u00e0 l\u2019usinage de pr\u00e9cision depuis 1998. Nos \u00e9quipements, machines et vaste exp\u00e9rience d\u2019usinage, nous permettent de r\u00e9aliser des travaux extr\u00eamement techniques et exigeants. Situ\u00e9s \u00e0 la province de Barcelone (Espagne) \u00e0 120 km de la fronti\u00e8re fran\u00e7aise. Le caract\u00e8re familial de l\u2019entreprise garantit une relation client proche et attentionn\u00e9e.<\/p>\n","protected":false},"excerpt":{"rendered":"<p>Pr\u00e9cision industrielle depuis 1998 Mebsa est une entreprise d\u00e9di\u00e9 \u00e0 l\u2019usinage de pr\u00e9cision depuis 1998. Nos \u00e9quipements, machines et vaste exp\u00e9rience d\u2019usinage, nous permettent de r\u00e9aliser des travaux extr\u00eamement techniques et exigeants. Situ\u00e9s \u00e0 la province de Barcelone (Espagne) \u00e0 120 km de la fronti\u00e8re fran\u00e7aise. Le caract\u00e8re familial de l\u2019entreprise garantit une relation client [&hellip;]<\/p>\n","protected":false},"author":4,"featured_media":12519,"parent":0,"menu_order":28,"comment_status":"closed","ping_status":"closed","template":"","meta":{"_acf_changed":false,"footnotes":""},"class_list":["post-844","page","type-page","status-publish","has-post-thumbnail","hentry"],"acf":[],"_links":{"self":[{"href":"https:\/\/mebsa.es\/fr\/wp-json\/wp\/v2\/pages\/844","targetHints":{"allow":["GET"]}}],"collection":[{"href":"https:\/\/mebsa.es\/fr\/wp-json\/wp\/v2\/pages"}],"about":[{"href":"https:\/\/mebsa.es\/fr\/wp-json\/wp\/v2\/types\/page"}],"author":[{"embeddable":true,"href":"https:\/\/mebsa.es\/fr\/wp-json\/wp\/v2\/users\/4"}],"replies":[{"embeddable":true,"href":"https:\/\/mebsa.es\/fr\/wp-json\/wp\/v2\/comments?post=844"}],"version-history":[{"count":34,"href":"https:\/\/mebsa.es\/fr\/wp-json\/wp\/v2\/pages\/844\/revisions"}],"predecessor-version":[{"id":13525,"href":"https:\/\/mebsa.es\/fr\/wp-json\/wp\/v2\/pages\/844\/revisions\/13525"}],"wp:featuredmedia":[{"embeddable":true,"href":"https:\/\/mebsa.es\/fr\/wp-json\/wp\/v2\/media\/12519"}],"wp:attachment":[{"href":"https:\/\/mebsa.es\/fr\/wp-json\/wp\/v2\/media?parent=844"}],"curies":[{"name":"wp","href":"https:\/\/api.w.org\/{rel}","templated":true}]}}