{"id":883,"date":"2015-06-10T10:41:50","date_gmt":"2015-06-10T10:41:50","guid":{"rendered":"https:\/\/mebsa.es\/newsite\/?page_id=883"},"modified":"2026-04-13T08:34:37","modified_gmt":"2026-04-13T08:34:37","slug":"contact-2","status":"publish","type":"page","link":"https:\/\/mebsa.es\/fr\/contact-2\/","title":{"rendered":"Contact"},"content":{"rendered":"<p class=\"wpcf7-contact-form-not-found\"><strong>Erreur\u00a0:<\/strong> Formulaire de contact non trouv\u00e9\u00a0!<\/p>\r\n\r\n<h1 class=\"wp-block-heading\">Contacter la societe Mebsa<\/h1>\r\n\r\n\r\n\r\n<p>Vous recherchez une entreprise d&rsquo;usinage, sp\u00e9cialis\u00e9e dans les pi\u00e8ces de haute complexit\u00e9, une entreprise dot\u00e9e de la meilleure technologie du march\u00e9, avec des machines modernes et avec des certificats de qualit\u00e9 ? MEBSA est votre meilleur choix, veuillez nous contacter.<\/p>\r\n\r\n\r\n\r\n<p>En remplissant le formulaire, vous nous communiquerez vos coordonn\u00e9es et la personne la plus adapt\u00e9e \u00e0 vos besoins vous contactera pour vous aider \u00e0 r\u00e9aliser les projets dont vous avez besoin.<\/p>\r\n\r\n\r\n\r\n<p>Si vous souhaitez nous rendre visite en personne, vous nous trouverez \u00e0 Sant Juli\u00e0 de Vilatorta, \u00e0 80 km de Barcelone et \u00e0 60 km de G\u00e9rone. Prenez rendez-vous et nous y assisterons sans engagement.<\/p>\r\n","protected":false},"excerpt":{"rendered":"<p>Contacter la societe Mebsa Vous recherchez une entreprise d&rsquo;usinage, sp\u00e9cialis\u00e9e dans les pi\u00e8ces de haute complexit\u00e9, une entreprise dot\u00e9e de la meilleure technologie du march\u00e9, avec des machines modernes et avec des certificats de qualit\u00e9 ? MEBSA est votre meilleur choix, veuillez nous contacter. En remplissant le formulaire, vous nous communiquerez vos coordonn\u00e9es et la [&hellip;]<\/p>\n","protected":false},"author":4,"featured_media":0,"parent":0,"menu_order":37,"comment_status":"open","ping_status":"open","template":"","meta":{"_acf_changed":false,"footnotes":""},"class_list":["post-883","page","type-page","status-publish","hentry"],"acf":[],"_links":{"self":[{"href":"https:\/\/mebsa.es\/fr\/wp-json\/wp\/v2\/pages\/883","targetHints":{"allow":["GET"]}}],"collection":[{"href":"https:\/\/mebsa.es\/fr\/wp-json\/wp\/v2\/pages"}],"about":[{"href":"https:\/\/mebsa.es\/fr\/wp-json\/wp\/v2\/types\/page"}],"author":[{"embeddable":true,"href":"https:\/\/mebsa.es\/fr\/wp-json\/wp\/v2\/users\/4"}],"replies":[{"embeddable":true,"href":"https:\/\/mebsa.es\/fr\/wp-json\/wp\/v2\/comments?post=883"}],"version-history":[{"count":11,"href":"https:\/\/mebsa.es\/fr\/wp-json\/wp\/v2\/pages\/883\/revisions"}],"predecessor-version":[{"id":14183,"href":"https:\/\/mebsa.es\/fr\/wp-json\/wp\/v2\/pages\/883\/revisions\/14183"}],"wp:attachment":[{"href":"https:\/\/mebsa.es\/fr\/wp-json\/wp\/v2\/media?parent=883"}],"curies":[{"name":"wp","href":"https:\/\/api.w.org\/{rel}","templated":true}]}}